{"id":1931,"date":"2025-11-28T23:47:38","date_gmt":"2025-11-28T23:47:38","guid":{"rendered":"https:\/\/deschavetados.com\/?post_type=product&#038;p=1931"},"modified":"2026-02-27T22:40:34","modified_gmt":"2026-02-27T22:40:34","slug":"hoodie-pisto","status":"publish","type":"product","link":"https:\/\/deschavetados.com\/index.php\/product\/hoodie-pisto\/","title":{"rendered":"Hoodie Pisto"},"content":{"rendered":"<p>Hoodie Pisto para adulto con capucha. En combinaci\u00f3n de materiales algod\u00f3n y poli\u00e9ster de 280g\/m2. Con cordones a juego y 2 bolsas frontales.<br \/>\nMaterial: 50% Algod\u00f3n, 50% Poli\u00e9ster. Estampado con DTF de alta calidad en colores y durabilidad<\/p>\n","protected":false},"excerpt":{"rendered":"<p>Hoodie Pisto para adulto con capucha. En combinaci\u00f3n de materiales algod\u00f3n y poli\u00e9ster de 280g\/m2. Con cordones a juego y 2 bolsas frontales.<br \/>\nMaterial: 50% Algod\u00f3n, 50% Poli\u00e9ster. Estampado con DTF de alta calidad en colores y durabilidad<\/p>\n","protected":false},"featured_media":1919,"comment_status":"open","ping_status":"closed","template":"","meta":[],"product_brand":[],"product_cat":[30],"product_tag":[],"class_list":{"0":"post-1931","1":"product","2":"type-product","3":"status-publish","4":"has-post-thumbnail","6":"product_cat-deschavetahuddies","8":"first","9":"instock","10":"shipping-taxable","11":"purchasable","12":"product-type-variable"},"_links":{"self":[{"href":"https:\/\/deschavetados.com\/index.php\/wp-json\/wp\/v2\/product\/1931","targetHints":{"allow":["GET"]}}],"collection":[{"href":"https:\/\/deschavetados.com\/index.php\/wp-json\/wp\/v2\/product"}],"about":[{"href":"https:\/\/deschavetados.com\/index.php\/wp-json\/wp\/v2\/types\/product"}],"replies":[{"embeddable":true,"href":"https:\/\/deschavetados.com\/index.php\/wp-json\/wp\/v2\/comments?post=1931"}],"wp:featuredmedia":[{"embeddable":true,"href":"https:\/\/deschavetados.com\/index.php\/wp-json\/wp\/v2\/media\/1919"}],"wp:attachment":[{"href":"https:\/\/deschavetados.com\/index.php\/wp-json\/wp\/v2\/media?parent=1931"}],"wp:term":[{"taxonomy":"product_brand","embeddable":true,"href":"https:\/\/deschavetados.com\/index.php\/wp-json\/wp\/v2\/product_brand?post=1931"},{"taxonomy":"product_cat","embeddable":true,"href":"https:\/\/deschavetados.com\/index.php\/wp-json\/wp\/v2\/product_cat?post=1931"},{"taxonomy":"product_tag","embeddable":true,"href":"https:\/\/deschavetados.com\/index.php\/wp-json\/wp\/v2\/product_tag?post=1931"}],"curies":[{"name":"wp","href":"https:\/\/api.w.org\/{rel}","templated":true}]}}